{"id":90,"date":"2021-12-07T09:01:11","date_gmt":"2021-12-07T09:01:11","guid":{"rendered":"https:\/\/wpthemes.themehunk.com\/market\/?post_type=product&#038;p=90"},"modified":"2025-10-15T11:34:47","modified_gmt":"2025-10-15T11:34:47","slug":"schriftbearbeitung","status":"publish","type":"product","link":"https:\/\/wpthemes.themehunk.com\/bookstore-mania\/product\/schriftbearbeitung\/","title":{"rendered":"Schrift bear"},"content":{"rendered":"<p>Ipsum ist ein einfacher Demo-Text f\u00fcr die Print- und Schriftindustrie. Lorem Ipsum ist in der Industrie bereits der Standard Demo-Text seit 1500, als ein unbekannter Schriftsteller eine Hand voll W\u00f6rter nahm und diese durcheinander warf um ein Musterbuch zu erstellen. Es hat nicht nur 5 Jahrhunderte \u00fcberlebt, sondern auch in Spruch in die elektronische Schriftbearbeitung geschafft (bemerke, nahezu unver\u00e4ndert). Bekannt wurde es 1960, mit dem erscheinen von &#8220;Letraset&#8221;, welches Passagen von Lorem Ipsum enhielt, so wie Desktop Software wie &#8220;Aldus PageMaker&#8221; &#8211; ebenfalls mit Lorem Ipsum.<\/p>\n","protected":false},"excerpt":{"rendered":"<p>Jahrhunderte \u00fcberlebt, sondern auch in Spruch in die elektronische Schriftbearbeitung geschafft (bemerke, nahezu unver\u00e4ndert). Bekannt wurde es 1960, mit dem erscheinen von &#8220;Letraset&#8221;, welches Passagen von Lorem Ipsum enhielt, so wie Desktop Software wie &#8220;Aldus PageMaker&#8221; &#8211; ebenfalls mit Lorem Ipsum.<\/p>\n","protected":false},"featured_media":536,"comment_status":"open","ping_status":"closed","template":"","meta":[],"product_brand":[],"product_cat":[27,18,29,30,31],"product_tag":[],"class_list":{"0":"post-90","1":"product","2":"type-product","3":"status-publish","4":"has-post-thumbnail","6":"product_cat-award-winners","7":"product_cat-best-sellers","8":"product_cat-new-releases","9":"product_cat-on-sale","10":"product_cat-politics","11":"thunk-woo-product-list","12":"th-shop-mania-woo-hover-","13":"open-single-product-tab-horizontal","14":"open-shadow-","15":"open-shadow-hover-","16":"th-shop-mania-single-product-content-left","18":"first","19":"instock","20":"featured","21":"shipping-taxable","22":"purchasable","23":"product-type-simple"},"_links":{"self":[{"href":"https:\/\/wpthemes.themehunk.com\/bookstore-mania\/wp-json\/wp\/v2\/product\/90","targetHints":{"allow":["GET"]}}],"collection":[{"href":"https:\/\/wpthemes.themehunk.com\/bookstore-mania\/wp-json\/wp\/v2\/product"}],"about":[{"href":"https:\/\/wpthemes.themehunk.com\/bookstore-mania\/wp-json\/wp\/v2\/types\/product"}],"replies":[{"embeddable":true,"href":"https:\/\/wpthemes.themehunk.com\/bookstore-mania\/wp-json\/wp\/v2\/comments?post=90"}],"wp:featuredmedia":[{"embeddable":true,"href":"https:\/\/wpthemes.themehunk.com\/bookstore-mania\/wp-json\/wp\/v2\/media\/536"}],"wp:attachment":[{"href":"https:\/\/wpthemes.themehunk.com\/bookstore-mania\/wp-json\/wp\/v2\/media?parent=90"}],"wp:term":[{"taxonomy":"product_brand","embeddable":true,"href":"https:\/\/wpthemes.themehunk.com\/bookstore-mania\/wp-json\/wp\/v2\/product_brand?post=90"},{"taxonomy":"product_cat","embeddable":true,"href":"https:\/\/wpthemes.themehunk.com\/bookstore-mania\/wp-json\/wp\/v2\/product_cat?post=90"},{"taxonomy":"product_tag","embeddable":true,"href":"https:\/\/wpthemes.themehunk.com\/bookstore-mania\/wp-json\/wp\/v2\/product_tag?post=90"}],"curies":[{"name":"wp","href":"https:\/\/api.w.org\/{rel}","templated":true}]}}