{"id":481,"date":"2025-11-18T18:13:33","date_gmt":"2025-11-18T18:13:33","guid":{"rendered":"https:\/\/wpthemes.themehunk.com\/handmade-marketplace\/product\/szuper-ellenallas\/"},"modified":"2025-11-18T18:13:33","modified_gmt":"2025-11-18T18:13:33","slug":"szuper-ellenallas","status":"publish","type":"product","link":"https:\/\/wpthemes.themehunk.com\/handmade-marketplace\/product\/szuper-ellenallas\/","title":{"rendered":"SZUPER Ellen\u00e1ll\u00e1s"},"content":{"rendered":"<p>Ez egy szuper ellen\u00e1ll\u00e1s<\/p>\n","protected":false},"excerpt":{"rendered":"<p>Igen EZ az!<\/p>\n","protected":false},"featured_media":480,"comment_status":"open","ping_status":"closed","template":"","meta":[],"product_brand":[],"product_cat":[47],"product_tag":[],"class_list":{"0":"post-481","1":"product","2":"type-product","3":"status-publish","4":"has-post-thumbnail","6":"product_cat-soap","7":"thunk-woo-product-list","8":"th-shop-mania-woo-hover-zoom","9":"open-single-product-tab-horizontal","10":"open-shadow-","11":"open-shadow-hover-","12":"th-shop-mania-single-product-content-left","14":"first","15":"instock","16":"shipping-taxable","17":"purchasable","18":"product-type-simple"},"_links":{"self":[{"href":"https:\/\/wpthemes.themehunk.com\/handmade-marketplace\/wp-json\/wp\/v2\/product\/481","targetHints":{"allow":["GET"]}}],"collection":[{"href":"https:\/\/wpthemes.themehunk.com\/handmade-marketplace\/wp-json\/wp\/v2\/product"}],"about":[{"href":"https:\/\/wpthemes.themehunk.com\/handmade-marketplace\/wp-json\/wp\/v2\/types\/product"}],"replies":[{"embeddable":true,"href":"https:\/\/wpthemes.themehunk.com\/handmade-marketplace\/wp-json\/wp\/v2\/comments?post=481"}],"wp:featuredmedia":[{"embeddable":true,"href":"https:\/\/wpthemes.themehunk.com\/handmade-marketplace\/wp-json\/wp\/v2\/media\/480"}],"wp:attachment":[{"href":"https:\/\/wpthemes.themehunk.com\/handmade-marketplace\/wp-json\/wp\/v2\/media?parent=481"}],"wp:term":[{"taxonomy":"product_brand","embeddable":true,"href":"https:\/\/wpthemes.themehunk.com\/handmade-marketplace\/wp-json\/wp\/v2\/product_brand?post=481"},{"taxonomy":"product_cat","embeddable":true,"href":"https:\/\/wpthemes.themehunk.com\/handmade-marketplace\/wp-json\/wp\/v2\/product_cat?post=481"},{"taxonomy":"product_tag","embeddable":true,"href":"https:\/\/wpthemes.themehunk.com\/handmade-marketplace\/wp-json\/wp\/v2\/product_tag?post=481"}],"curies":[{"name":"wp","href":"https:\/\/api.w.org\/{rel}","templated":true}]}}